{"id":247,"date":"2018-08-04T20:18:35","date_gmt":"2018-08-04T20:18:35","guid":{"rendered":"http:\/\/mintal.eu\/?page_id=247"},"modified":"2018-09-22T13:48:22","modified_gmt":"2018-09-22T13:48:22","slug":"shampoo-italiaans","status":"publish","type":"page","link":"https:\/\/mintal.eu\/?page_id=247&lang=it","title":{"rendered":"Shampoo a base di erbe"},"content":{"rendered":"<p><strong>Shampoo produzione propria artigianale<br \/>\n3 profumi<\/strong><\/p>\n<ul>\n<li><strong><em>Carrot cake<\/em><\/strong>,\u00a0 con\n<ul>\n<li>Carota selvatica (semi)<\/li>\n<li>Arancia (bucce)<\/li>\n<li>Zenzero (rizoma)<\/li>\n<li>Cannella<\/li>\n<li>Estratti di curcuma e camomilla<br \/>\n&#8220;Lo shampoo giallo, ma che profumo, da mangiare!&#8221;<\/li>\n<\/ul>\n<\/li>\n<\/ul>\n<ul>\n<li><em><strong>Wild minty green<\/strong><\/em>,\u00a0 con\n<ul>\n<li>Pino<\/li>\n<li>Menta (varie specie)<\/li>\n<li>Eucalipto<\/li>\n<li>Mirto<\/li>\n<li>Estratto di ortica e alghe<br \/>\n&#8220;Lo shampoo verde, un&#8217;avventura per capelli sportivi!&#8221;<\/li>\n<\/ul>\n<\/li>\n<\/ul>\n<ul>\n<li><em><strong>Nuts for herbs<\/strong><\/em>,\u00a0 con\n<ul>\n<li>Olio di mandorle dolci<\/li>\n<li>Bucce di pompelmo e limoni<\/li>\n<li>Lavanda<\/li>\n<li>Rosmarino<\/li>\n<li>Salvia sclarea (moscatella)<br \/>\n&#8221;Piante aromatiche e olii nutrienti per i miei capelli, ottimo!&#8221;<\/li>\n<\/ul>\n<\/li>\n<\/ul>\n<div id='gallery-1' class='gallery galleryid-247 gallery-columns-3 gallery-size-thumbnail'><figure class='gallery-item'>\n\t\t\t<div class='gallery-icon landscape'>\n\t\t\t\t<a href='https:\/\/mintal.eu\/wp-content\/uploads\/2018\/08\/shampoo-in-labo.jpg'><img loading=\"lazy\" decoding=\"async\" width=\"150\" height=\"150\" src=\"https:\/\/mintal.eu\/wp-content\/uploads\/2018\/08\/shampoo-in-labo-150x150.jpg\" class=\"attachment-thumbnail size-thumbnail\" alt=\"\" aria-describedby=\"gallery-1-175\" srcset=\"https:\/\/mintal.eu\/wp-content\/uploads\/2018\/08\/shampoo-in-labo-150x150.jpg 150w, https:\/\/mintal.eu\/wp-content\/uploads\/2018\/08\/shampoo-in-labo-100x100.jpg 100w\" sizes=\"auto, 100vw\" \/><\/a>\n\t\t\t<\/div>\n\t\t\t\t<figcaption class='wp-caption-text gallery-caption' id='gallery-1-175'>\n\t\t\t\tProduction of shampoo\n\t\t\t\t<\/figcaption><\/figure><figure class='gallery-item'>\n\t\t\t<div class='gallery-icon portrait'>\n\t\t\t\t<a href='https:\/\/mintal.eu\/wp-content\/uploads\/2018\/08\/37838200_10216329536700899_1508253048177164288_n.jpg'><img loading=\"lazy\" decoding=\"async\" width=\"150\" height=\"150\" src=\"https:\/\/mintal.eu\/wp-content\/uploads\/2018\/08\/37838200_10216329536700899_1508253048177164288_n-150x150.jpg\" class=\"attachment-thumbnail size-thumbnail\" alt=\"\" aria-describedby=\"gallery-1-161\" srcset=\"https:\/\/mintal.eu\/wp-content\/uploads\/2018\/08\/37838200_10216329536700899_1508253048177164288_n-150x150.jpg 150w, https:\/\/mintal.eu\/wp-content\/uploads\/2018\/08\/37838200_10216329536700899_1508253048177164288_n-100x100.jpg 100w\" sizes=\"auto, 100vw\" \/><\/a>\n\t\t\t<\/div>\n\t\t\t\t<figcaption class='wp-caption-text gallery-caption' id='gallery-1-161'>\n\t\t\t\t3 shampoo types\n\t\t\t\t<\/figcaption><\/figure><figure class='gallery-item'>\n\t\t\t<div class='gallery-icon portrait'>\n\t\t\t\t<a href='https:\/\/mintal.eu\/wp-content\/uploads\/2018\/06\/DSCN9069.jpg'><img loading=\"lazy\" decoding=\"async\" width=\"150\" height=\"150\" src=\"https:\/\/mintal.eu\/wp-content\/uploads\/2018\/06\/DSCN9069-150x150.jpg\" class=\"attachment-thumbnail size-thumbnail\" alt=\"\" aria-describedby=\"gallery-1-55\" sizes=\"auto, 100vw\" \/><\/a>\n\t\t\t<\/div>\n\t\t\t\t<figcaption class='wp-caption-text gallery-caption' id='gallery-1-55'>\n\t\t\t\tCarrot &#038; Nuts\n\t\t\t\t<\/figcaption><\/figure>\n\t\t<\/div>\n\n<p align=\"LEFT\"><strong>Modo d&#8217;uso<\/strong>: massaggiare 2-3 ml di prodotto sui capelli bagnati; lasciare in posa circa 5 minuti e risciacquare. Il prodotto \u00e8 concentrato, se si vuole utilizzarne una quantit\u00e0 maggiore o se si vuole ottenere pi\u00f9 schiuma occorre diluirlo con acqua in una bottiglia a parte.\u00a0<span style=\"font-size: 1rem;\">Solo per uso esterno.<br \/>\n<\/span><span style=\"font-size: 1rem;\">Si consiglia l\u2019utilizzo degli shampi 2 o 3 volte a settimana, non quotidianamente.\u00a0<\/span><\/p>\n<p align=\"LEFT\"><strong>INGREDIENTI:<\/strong>\u00a0idrolati, estratti e profumi naturali di erbe prodotti artigianalmente; plantaren (=decylglucoside =vegetable tenside 100% biodegradabile); glicerina (commestibile); oli vegetali (mandorla, jojoba o soia); xanthan (alghe); soialecitina idrolisato e acido citrico (per abbassare il pH verso 5). Niente aqua, solfati o fragranze chimiche.<\/p>\n<p align=\"LEFT\"><strong>Prezzi<\/strong>: flaconcini da 60 ml: \u20ac 6,- ; da 250 ml: \u20ac 18,-; IVA incluso.<\/p>\n","protected":false},"excerpt":{"rendered":"<p>Shampoo produzione propria artigianale 3 profumi Carrot cake,\u00a0 con Carota selvatica (semi) Arancia (bucce) Zenzero (rizoma) Cannella Estratti di curcuma e camomilla &#8220;Lo shampoo giallo, ma che profumo, da mangiare!&#8221; Wild minty green,\u00a0 con Pino Menta (varie specie) Eucalipto Mirto Estratto di ortica e alghe &#8220;Lo shampoo verde, un&#8217;avventura per capelli sportivi!&#8221; Nuts for herbs,\u00a0 &hellip; <\/p>\n<p class=\"link-more\"><a href=\"https:\/\/mintal.eu\/?page_id=247&#038;lang=it\" class=\"more-link\">Lees verder <span class=\"screen-reader-text\">&#8220;Shampoo a base di erbe&#8221;<\/span><\/a><\/p>\n","protected":false},"author":1,"featured_media":0,"parent":0,"menu_order":0,"comment_status":"closed","ping_status":"closed","template":"","meta":{"footnotes":""},"class_list":["post-247","page","type-page","status-publish","hentry"],"_links":{"self":[{"href":"https:\/\/mintal.eu\/index.php?rest_route=\/wp\/v2\/pages\/247","targetHints":{"allow":["GET"]}}],"collection":[{"href":"https:\/\/mintal.eu\/index.php?rest_route=\/wp\/v2\/pages"}],"about":[{"href":"https:\/\/mintal.eu\/index.php?rest_route=\/wp\/v2\/types\/page"}],"author":[{"embeddable":true,"href":"https:\/\/mintal.eu\/index.php?rest_route=\/wp\/v2\/users\/1"}],"replies":[{"embeddable":true,"href":"https:\/\/mintal.eu\/index.php?rest_route=%2Fwp%2Fv2%2Fcomments&post=247"}],"version-history":[{"count":21,"href":"https:\/\/mintal.eu\/index.php?rest_route=\/wp\/v2\/pages\/247\/revisions"}],"predecessor-version":[{"id":490,"href":"https:\/\/mintal.eu\/index.php?rest_route=\/wp\/v2\/pages\/247\/revisions\/490"}],"wp:attachment":[{"href":"https:\/\/mintal.eu\/index.php?rest_route=%2Fwp%2Fv2%2Fmedia&parent=247"}],"curies":[{"name":"wp","href":"https:\/\/api.w.org\/{rel}","templated":true}]}}