{"id":285,"date":"2018-08-05T11:29:55","date_gmt":"2018-08-05T11:29:55","guid":{"rendered":"http:\/\/mintal.eu\/?page_id=285"},"modified":"2024-01-07T14:55:50","modified_gmt":"2024-01-07T14:55:50","slug":"how-we-work-italiaans","status":"publish","type":"page","link":"https:\/\/mintal.eu\/?page_id=285&lang=it","title":{"rendered":"Come produciamo"},"content":{"rendered":"<div id='gallery-1' class='gallery galleryid-285 gallery-columns-3 gallery-size-thumbnail'><figure class='gallery-item'>\n\t\t\t<div class='gallery-icon landscape'>\n\t\t\t\t<a href='https:\/\/mintal.eu\/?attachment_id=465'><img loading=\"lazy\" decoding=\"async\" width=\"150\" height=\"150\" src=\"https:\/\/mintal.eu\/wp-content\/uploads\/2018\/08\/wortelzaad-1-150x150.jpg\" class=\"attachment-thumbnail size-thumbnail\" alt=\"\" aria-describedby=\"gallery-1-465\" srcset=\"https:\/\/mintal.eu\/wp-content\/uploads\/2018\/08\/wortelzaad-1-150x150.jpg 150w, https:\/\/mintal.eu\/wp-content\/uploads\/2018\/08\/wortelzaad-1-100x100.jpg 100w\" sizes=\"auto, 100vw\" \/><\/a>\n\t\t\t<\/div>\n\t\t\t\t<figcaption class='wp-caption-text gallery-caption' id='gallery-1-465'>\n\t\t\t\tWild carrot\n\t\t\t\t<\/figcaption><\/figure><figure class='gallery-item'>\n\t\t\t<div class='gallery-icon landscape'>\n\t\t\t\t<a href='https:\/\/mintal.eu\/?attachment_id=464'><img loading=\"lazy\" decoding=\"async\" width=\"150\" height=\"150\" src=\"https:\/\/mintal.eu\/wp-content\/uploads\/2018\/08\/oogst-wilde-wortelzaad-en-verfkamille-2-150x150.jpg\" class=\"attachment-thumbnail size-thumbnail\" alt=\"\" aria-describedby=\"gallery-1-464\" srcset=\"https:\/\/mintal.eu\/wp-content\/uploads\/2018\/08\/oogst-wilde-wortelzaad-en-verfkamille-2-150x150.jpg 150w, https:\/\/mintal.eu\/wp-content\/uploads\/2018\/08\/oogst-wilde-wortelzaad-en-verfkamille-2-100x100.jpg 100w\" sizes=\"auto, 100vw\" \/><\/a>\n\t\t\t<\/div>\n\t\t\t\t<figcaption class='wp-caption-text gallery-caption' id='gallery-1-464'>\n\t\t\t\tCarrot seed harvest\n\t\t\t\t<\/figcaption><\/figure><figure class='gallery-item'>\n\t\t\t<div class='gallery-icon portrait'>\n\t\t\t\t<a href='https:\/\/mintal.eu\/?attachment_id=466'><img loading=\"lazy\" decoding=\"async\" width=\"150\" height=\"150\" src=\"https:\/\/mintal.eu\/wp-content\/uploads\/2018\/08\/DSCN9069-150x150.jpg\" class=\"attachment-thumbnail size-thumbnail\" alt=\"\" aria-describedby=\"gallery-1-466\" srcset=\"https:\/\/mintal.eu\/wp-content\/uploads\/2018\/08\/DSCN9069-150x150.jpg 150w, https:\/\/mintal.eu\/wp-content\/uploads\/2018\/08\/DSCN9069-100x100.jpg 100w\" sizes=\"auto, 100vw\" \/><\/a>\n\t\t\t<\/div>\n\t\t\t\t<figcaption class='wp-caption-text gallery-caption' id='gallery-1-466'>\n\t\t\t\tCarrot cake shampoo\n\t\t\t\t<\/figcaption><\/figure>\n\t\t<\/div>\n\n<p lang=\"it-IT\">Ci occupiamo di tutto il processo, dalla materia prima al prodotto finito, ovvero coltiviamo e raccogliamo le piante sia in Olanda sia in Italia. La maggior parte della materia prima vegetale usata proviene dall\u2019Italia, dalla fattoria di permacultura nell\u2019appennino parmense di Tedje. Qui raccogliamo le piante seminate da noi ma anche piante selvatiche e semiselvatiche.<\/p>\n<p lang=\"it-IT\">Distilliamo erbe fresche o essiccate naturalmente su legno; il procedimento di distillazione avviene nelle nostre Fragrance Houses (case dei profumi) in Italia e nei Paesi Bassi. Produciamo fragranze alle erbe in distillatori artigianali in rame con acqua di montagna; in seguito usiamo erbe, oli essenziali e idrolati per preparare artigianalmente cosmetici e condimenti naturali. Non utilizziamo additivi chimici o tossici n\u00e9 prima, n\u00e9 durante, n\u00e9 dopo la coltivazione e la lavorazione delle nostre piante e dei nostri prodotti. In futuro vogliamo ottenere la certificazione biologica.<\/p>\n<p>Nel nostro piccolo laboratorio artigianale nel Paesi Bassi elaboriamo gli oli essenziali in profumi, shampoo, acqua per capelli e altri prodotti naturali. Non vendiamo gli oli essenziali separatamente, a eccezione della lavanda quando disponibile in abbondanza.<\/p>\n<div id='gallery-2' class='gallery galleryid-285 gallery-columns-3 gallery-size-thumbnail'><figure class='gallery-item'>\n\t\t\t<div class='gallery-icon portrait'>\n\t\t\t\t<a href='https:\/\/mintal.eu\/wp-content\/uploads\/2018\/08\/beam-me-up-carrot.jpg'><img loading=\"lazy\" decoding=\"async\" width=\"150\" height=\"150\" src=\"https:\/\/mintal.eu\/wp-content\/uploads\/2018\/08\/beam-me-up-carrot-150x150.jpg\" class=\"attachment-thumbnail size-thumbnail\" alt=\"\" aria-describedby=\"gallery-2-162\" srcset=\"https:\/\/mintal.eu\/wp-content\/uploads\/2018\/08\/beam-me-up-carrot-150x150.jpg 150w, https:\/\/mintal.eu\/wp-content\/uploads\/2018\/08\/beam-me-up-carrot-100x100.jpg 100w\" sizes=\"auto, 100vw\" \/><\/a>\n\t\t\t<\/div>\n\t\t\t\t<figcaption class='wp-caption-text gallery-caption' id='gallery-2-162'>\n\t\t\t\tPreparing the fields\n\t\t\t\t<\/figcaption><\/figure><figure class='gallery-item'>\n\t\t\t<div class='gallery-icon landscape'>\n\t\t\t\t<a href='https:\/\/mintal.eu\/wp-content\/uploads\/2018\/08\/eva-en-herman-stenen-halen-op-de-trekker.jpg'><img loading=\"lazy\" decoding=\"async\" width=\"150\" height=\"150\" src=\"https:\/\/mintal.eu\/wp-content\/uploads\/2018\/08\/eva-en-herman-stenen-halen-op-de-trekker-150x150.jpg\" class=\"attachment-thumbnail size-thumbnail\" alt=\"\" aria-describedby=\"gallery-2-173\" srcset=\"https:\/\/mintal.eu\/wp-content\/uploads\/2018\/08\/eva-en-herman-stenen-halen-op-de-trekker-150x150.jpg 150w, https:\/\/mintal.eu\/wp-content\/uploads\/2018\/08\/eva-en-herman-stenen-halen-op-de-trekker-100x100.jpg 100w\" sizes=\"auto, 100vw\" \/><\/a>\n\t\t\t<\/div>\n\t\t\t\t<figcaption class='wp-caption-text gallery-caption' id='gallery-2-173'>\n\t\t\t\tWorking on the land\n\t\t\t\t<\/figcaption><\/figure><figure class='gallery-item'>\n\t\t\t<div class='gallery-icon portrait'>\n\t\t\t\t<a href='https:\/\/mintal.eu\/wp-content\/uploads\/2018\/08\/DSCN9716.jpg'><img loading=\"lazy\" decoding=\"async\" width=\"150\" height=\"150\" src=\"https:\/\/mintal.eu\/wp-content\/uploads\/2018\/08\/DSCN9716-150x150.jpg\" class=\"attachment-thumbnail size-thumbnail\" alt=\"\" aria-describedby=\"gallery-2-172\" srcset=\"https:\/\/mintal.eu\/wp-content\/uploads\/2018\/08\/DSCN9716-150x150.jpg 150w, https:\/\/mintal.eu\/wp-content\/uploads\/2018\/08\/DSCN9716-100x100.jpg 100w\" sizes=\"auto, 100vw\" \/><\/a>\n\t\t\t<\/div>\n\t\t\t\t<figcaption class='wp-caption-text gallery-caption' id='gallery-2-172'>\n\t\t\t\tThe greenhouse\n\t\t\t\t<\/figcaption><\/figure><figure class='gallery-item'>\n\t\t\t<div class='gallery-icon landscape'>\n\t\t\t\t<a href='https:\/\/mintal.eu\/wp-content\/uploads\/2018\/08\/oogst-wilde-wortelzaad-en-verfkamille-1.jpg'><img loading=\"lazy\" decoding=\"async\" width=\"150\" height=\"150\" src=\"https:\/\/mintal.eu\/wp-content\/uploads\/2018\/08\/oogst-wilde-wortelzaad-en-verfkamille-1-150x150.jpg\" class=\"attachment-thumbnail size-thumbnail\" alt=\"\" aria-describedby=\"gallery-2-183\" srcset=\"https:\/\/mintal.eu\/wp-content\/uploads\/2018\/08\/oogst-wilde-wortelzaad-en-verfkamille-1-150x150.jpg 150w, https:\/\/mintal.eu\/wp-content\/uploads\/2018\/08\/oogst-wilde-wortelzaad-en-verfkamille-1-100x100.jpg 100w\" sizes=\"auto, 100vw\" \/><\/a>\n\t\t\t<\/div>\n\t\t\t\t<figcaption class='wp-caption-text gallery-caption' id='gallery-2-183'>\n\t\t\t\tHarvest of wild carrot\n\t\t\t\t<\/figcaption><\/figure><figure class='gallery-item'>\n\t\t\t<div class='gallery-icon portrait'>\n\t\t\t\t<a href='https:\/\/mintal.eu\/wp-content\/uploads\/2018\/08\/oogsten-2017.jpg'><img loading=\"lazy\" decoding=\"async\" width=\"150\" height=\"150\" src=\"https:\/\/mintal.eu\/wp-content\/uploads\/2018\/08\/oogsten-2017-150x150.jpg\" class=\"attachment-thumbnail size-thumbnail\" alt=\"\" aria-describedby=\"gallery-2-169\" srcset=\"https:\/\/mintal.eu\/wp-content\/uploads\/2018\/08\/oogsten-2017-150x150.jpg 150w, https:\/\/mintal.eu\/wp-content\/uploads\/2018\/08\/oogsten-2017-100x100.jpg 100w\" sizes=\"auto, 100vw\" \/><\/a>\n\t\t\t<\/div>\n\t\t\t\t<figcaption class='wp-caption-text gallery-caption' id='gallery-2-169'>\n\t\t\t\tHarvest in autumn\n\t\t\t\t<\/figcaption><\/figure><figure class='gallery-item'>\n\t\t\t<div class='gallery-icon portrait'>\n\t\t\t\t<a href='https:\/\/mintal.eu\/wp-content\/uploads\/2018\/08\/oogst-w-wortel-lievehb.jpg'><img loading=\"lazy\" decoding=\"async\" width=\"150\" height=\"150\" src=\"https:\/\/mintal.eu\/wp-content\/uploads\/2018\/08\/oogst-w-wortel-lievehb-150x150.jpg\" class=\"attachment-thumbnail size-thumbnail\" alt=\"\" aria-describedby=\"gallery-2-174\" srcset=\"https:\/\/mintal.eu\/wp-content\/uploads\/2018\/08\/oogst-w-wortel-lievehb-150x150.jpg 150w, https:\/\/mintal.eu\/wp-content\/uploads\/2018\/08\/oogst-w-wortel-lievehb-100x100.jpg 100w\" sizes=\"auto, 100vw\" \/><\/a>\n\t\t\t<\/div>\n\t\t\t\t<figcaption class='wp-caption-text gallery-caption' id='gallery-2-174'>\n\t\t\t\tWild carrot\n\t\t\t\t<\/figcaption><\/figure><figure class='gallery-item'>\n\t\t\t<div class='gallery-icon portrait'>\n\t\t\t\t<a href='https:\/\/mintal.eu\/wp-content\/uploads\/2018\/08\/oogst-lavendel.jpg'><img loading=\"lazy\" decoding=\"async\" width=\"150\" height=\"150\" src=\"https:\/\/mintal.eu\/wp-content\/uploads\/2018\/08\/oogst-lavendel-150x150.jpg\" class=\"attachment-thumbnail size-thumbnail\" alt=\"\" aria-describedby=\"gallery-2-167\" srcset=\"https:\/\/mintal.eu\/wp-content\/uploads\/2018\/08\/oogst-lavendel-150x150.jpg 150w, https:\/\/mintal.eu\/wp-content\/uploads\/2018\/08\/oogst-lavendel-100x100.jpg 100w\" sizes=\"auto, 100vw\" \/><\/a>\n\t\t\t<\/div>\n\t\t\t\t<figcaption class='wp-caption-text gallery-caption' id='gallery-2-167'>\n\t\t\t\tHarvest lavender\n\t\t\t\t<\/figcaption><\/figure><figure class='gallery-item'>\n\t\t\t<div class='gallery-icon portrait'>\n\t\t\t\t<a href='https:\/\/mintal.eu\/wp-content\/uploads\/2018\/08\/Droger-kr.jpg'><img loading=\"lazy\" decoding=\"async\" width=\"150\" height=\"150\" src=\"https:\/\/mintal.eu\/wp-content\/uploads\/2018\/08\/Droger-kr-150x150.jpg\" class=\"attachment-thumbnail size-thumbnail\" alt=\"\" aria-describedby=\"gallery-2-165\" srcset=\"https:\/\/mintal.eu\/wp-content\/uploads\/2018\/08\/Droger-kr-150x150.jpg 150w, https:\/\/mintal.eu\/wp-content\/uploads\/2018\/08\/Droger-kr-100x100.jpg 100w\" sizes=\"auto, 100vw\" \/><\/a>\n\t\t\t<\/div>\n\t\t\t\t<figcaption class='wp-caption-text gallery-caption' id='gallery-2-165'>\n\t\t\t\tDrying herbs \n\t\t\t\t<\/figcaption><\/figure><figure class='gallery-item'>\n\t\t\t<div class='gallery-icon portrait'>\n\t\t\t\t<a href='https:\/\/mintal.eu\/wp-content\/uploads\/2018\/08\/Droger-varsi-9696.jpg'><img loading=\"lazy\" decoding=\"async\" width=\"150\" height=\"150\" src=\"https:\/\/mintal.eu\/wp-content\/uploads\/2018\/08\/Droger-varsi-9696-150x150.jpg\" class=\"attachment-thumbnail size-thumbnail\" alt=\"\" aria-describedby=\"gallery-2-171\" srcset=\"https:\/\/mintal.eu\/wp-content\/uploads\/2018\/08\/Droger-varsi-9696-150x150.jpg 150w, https:\/\/mintal.eu\/wp-content\/uploads\/2018\/08\/Droger-varsi-9696-100x100.jpg 100w\" sizes=\"auto, 100vw\" \/><\/a>\n\t\t\t<\/div>\n\t\t\t\t<figcaption class='wp-caption-text gallery-caption' id='gallery-2-171'>\n\t\t\t\tDrying proces\n\t\t\t\t<\/figcaption><\/figure><figure class='gallery-item'>\n\t\t\t<div class='gallery-icon landscape'>\n\t\t\t\t<a href='https:\/\/mintal.eu\/wp-content\/uploads\/2018\/08\/Dest-kuisboom.jpg'><img loading=\"lazy\" decoding=\"async\" width=\"150\" height=\"150\" src=\"https:\/\/mintal.eu\/wp-content\/uploads\/2018\/08\/Dest-kuisboom-150x150.jpg\" class=\"attachment-thumbnail size-thumbnail\" alt=\"\" aria-describedby=\"gallery-2-163\" srcset=\"https:\/\/mintal.eu\/wp-content\/uploads\/2018\/08\/Dest-kuisboom-150x150.jpg 150w, https:\/\/mintal.eu\/wp-content\/uploads\/2018\/08\/Dest-kuisboom-100x100.jpg 100w\" sizes=\"auto, 100vw\" \/><\/a>\n\t\t\t<\/div>\n\t\t\t\t<figcaption class='wp-caption-text gallery-caption' id='gallery-2-163'>\n\t\t\t\tFilling the still\n\t\t\t\t<\/figcaption><\/figure><figure class='gallery-item'>\n\t\t\t<div class='gallery-icon portrait'>\n\t\t\t\t<a href='https:\/\/mintal.eu\/wp-content\/uploads\/2018\/08\/destill-varsi-eva.jpg'><img loading=\"lazy\" decoding=\"async\" width=\"150\" height=\"150\" src=\"https:\/\/mintal.eu\/wp-content\/uploads\/2018\/08\/destill-varsi-eva-150x150.jpg\" class=\"attachment-thumbnail size-thumbnail\" alt=\"\" aria-describedby=\"gallery-2-164\" srcset=\"https:\/\/mintal.eu\/wp-content\/uploads\/2018\/08\/destill-varsi-eva-150x150.jpg 150w, https:\/\/mintal.eu\/wp-content\/uploads\/2018\/08\/destill-varsi-eva-100x100.jpg 100w\" sizes=\"auto, 100vw\" \/><\/a>\n\t\t\t<\/div>\n\t\t\t\t<figcaption class='wp-caption-text gallery-caption' id='gallery-2-164'>\n\t\t\t\tRecycling hydrosols\n\t\t\t\t<\/figcaption><\/figure><figure class='gallery-item'>\n\t\t\t<div class='gallery-icon landscape'>\n\t\t\t\t<a href='https:\/\/mintal.eu\/wp-content\/uploads\/2018\/08\/shampoo-in-labo.jpg'><img loading=\"lazy\" decoding=\"async\" width=\"150\" height=\"150\" src=\"https:\/\/mintal.eu\/wp-content\/uploads\/2018\/08\/shampoo-in-labo-150x150.jpg\" class=\"attachment-thumbnail size-thumbnail\" alt=\"\" aria-describedby=\"gallery-2-175\" srcset=\"https:\/\/mintal.eu\/wp-content\/uploads\/2018\/08\/shampoo-in-labo-150x150.jpg 150w, https:\/\/mintal.eu\/wp-content\/uploads\/2018\/08\/shampoo-in-labo-100x100.jpg 100w\" sizes=\"auto, 100vw\" \/><\/a>\n\t\t\t<\/div>\n\t\t\t\t<figcaption class='wp-caption-text gallery-caption' id='gallery-2-175'>\n\t\t\t\tProduction of shampoo\n\t\t\t\t<\/figcaption><\/figure><figure class='gallery-item'>\n\t\t\t<div class='gallery-icon portrait'>\n\t\t\t\t<a href='https:\/\/mintal.eu\/wp-content\/uploads\/2018\/08\/37838200_10216329536700899_1508253048177164288_n.jpg'><img loading=\"lazy\" decoding=\"async\" width=\"150\" height=\"150\" src=\"https:\/\/mintal.eu\/wp-content\/uploads\/2018\/08\/37838200_10216329536700899_1508253048177164288_n-150x150.jpg\" class=\"attachment-thumbnail size-thumbnail\" alt=\"\" aria-describedby=\"gallery-2-161\" srcset=\"https:\/\/mintal.eu\/wp-content\/uploads\/2018\/08\/37838200_10216329536700899_1508253048177164288_n-150x150.jpg 150w, https:\/\/mintal.eu\/wp-content\/uploads\/2018\/08\/37838200_10216329536700899_1508253048177164288_n-100x100.jpg 100w\" sizes=\"auto, 100vw\" \/><\/a>\n\t\t\t<\/div>\n\t\t\t\t<figcaption class='wp-caption-text gallery-caption' id='gallery-2-161'>\n\t\t\t\t3 shampoo types\n\t\t\t\t<\/figcaption><\/figure><figure class='gallery-item'>\n\t\t\t<div class='gallery-icon landscape'>\n\t\t\t\t<a href='https:\/\/mintal.eu\/wp-content\/uploads\/2018\/08\/marktstand-contile.jpg'><img loading=\"lazy\" decoding=\"async\" width=\"150\" height=\"150\" src=\"https:\/\/mintal.eu\/wp-content\/uploads\/2018\/08\/marktstand-contile-150x150.jpg\" class=\"attachment-thumbnail size-thumbnail\" alt=\"\" aria-describedby=\"gallery-2-166\" srcset=\"https:\/\/mintal.eu\/wp-content\/uploads\/2018\/08\/marktstand-contile-150x150.jpg 150w, https:\/\/mintal.eu\/wp-content\/uploads\/2018\/08\/marktstand-contile-100x100.jpg 100w\" sizes=\"auto, 100vw\" \/><\/a>\n\t\t\t<\/div>\n\t\t\t\t<figcaption class='wp-caption-text gallery-caption' id='gallery-2-166'>\n\t\t\t\tOn the Italian market\n\t\t\t\t<\/figcaption><\/figure><figure class='gallery-item'>\n\t\t\t<div class='gallery-icon landscape'>\n\t\t\t\t<a href='https:\/\/mintal.eu\/wp-content\/uploads\/2018\/08\/Vianino-jan-6-2016.jpg'><img loading=\"lazy\" decoding=\"async\" width=\"150\" height=\"150\" src=\"https:\/\/mintal.eu\/wp-content\/uploads\/2018\/08\/Vianino-jan-6-2016-150x150.jpg\" class=\"attachment-thumbnail size-thumbnail\" alt=\"\" aria-describedby=\"gallery-2-170\" srcset=\"https:\/\/mintal.eu\/wp-content\/uploads\/2018\/08\/Vianino-jan-6-2016-150x150.jpg 150w, https:\/\/mintal.eu\/wp-content\/uploads\/2018\/08\/Vianino-jan-6-2016-100x100.jpg 100w\" sizes=\"auto, 100vw\" \/><\/a>\n\t\t\t<\/div>\n\t\t\t\t<figcaption class='wp-caption-text gallery-caption' id='gallery-2-170'>\n\t\t\t\tMarket display\n\t\t\t\t<\/figcaption><\/figure>\n\t\t<\/div>\n\n<div id=\"gallery-1\" class=\"gallery galleryid-106 gallery-columns-3 gallery-size-thumbnail\"><\/div>\n","protected":false},"excerpt":{"rendered":"<p>Ci occupiamo di tutto il processo, dalla materia prima al prodotto finito, ovvero coltiviamo e raccogliamo le piante sia in Olanda sia in Italia. La maggior parte della materia prima vegetale usata proviene dall\u2019Italia, dalla fattoria di permacultura nell\u2019appennino parmense di Tedje. Qui raccogliamo le piante seminate da noi ma anche piante selvatiche e semiselvatiche. &hellip; <\/p>\n<p class=\"link-more\"><a href=\"https:\/\/mintal.eu\/?page_id=285&#038;lang=it\" class=\"more-link\">Lees verder <span class=\"screen-reader-text\">&#8220;Come produciamo&#8221;<\/span><\/a><\/p>\n","protected":false},"author":1,"featured_media":0,"parent":0,"menu_order":0,"comment_status":"closed","ping_status":"closed","template":"","meta":{"footnotes":""},"class_list":["post-285","page","type-page","status-publish","hentry"],"_links":{"self":[{"href":"https:\/\/mintal.eu\/index.php?rest_route=\/wp\/v2\/pages\/285","targetHints":{"allow":["GET"]}}],"collection":[{"href":"https:\/\/mintal.eu\/index.php?rest_route=\/wp\/v2\/pages"}],"about":[{"href":"https:\/\/mintal.eu\/index.php?rest_route=\/wp\/v2\/types\/page"}],"author":[{"embeddable":true,"href":"https:\/\/mintal.eu\/index.php?rest_route=\/wp\/v2\/users\/1"}],"replies":[{"embeddable":true,"href":"https:\/\/mintal.eu\/index.php?rest_route=%2Fwp%2Fv2%2Fcomments&post=285"}],"version-history":[{"count":11,"href":"https:\/\/mintal.eu\/index.php?rest_route=\/wp\/v2\/pages\/285\/revisions"}],"predecessor-version":[{"id":564,"href":"https:\/\/mintal.eu\/index.php?rest_route=\/wp\/v2\/pages\/285\/revisions\/564"}],"wp:attachment":[{"href":"https:\/\/mintal.eu\/index.php?rest_route=%2Fwp%2Fv2%2Fmedia&parent=285"}],"curies":[{"name":"wp","href":"https:\/\/api.w.org\/{rel}","templated":true}]}}